{"id":159395,"date":"2025-07-22T08:18:08","date_gmt":"2025-07-22T06:18:08","guid":{"rendered":"https:\/\/som-riu.es\/language-test\/"},"modified":"2025-07-22T09:39:41","modified_gmt":"2025-07-22T07:39:41","slug":"language-test","status":"publish","type":"page","link":"https:\/\/som-riu.es\/en\/language-test\/","title":{"rendered":"Language test"},"content":{"rendered":"<p>[vc_row][vc_column width=&#8221;1\/1&#8243;][vc_column_text uncode_shortcode_id=&#8221;481316&#8243;]Original page, English[\/vc_column_text][\/vc_column][\/vc_row]<\/p>\n","protected":false},"excerpt":{"rendered":"<p>[vc_row][vc_column width=&#8221;1\/1&#8243;][vc_column_text uncode_shortcode_id=&#8221;481316&#8243;]Original page, English[\/vc_column_text][\/vc_column][\/vc_row]<\/p>\n","protected":false},"author":1,"featured_media":0,"parent":0,"menu_order":0,"comment_status":"closed","ping_status":"closed","template":"","meta":{"footnotes":""},"class_list":["post-159395","page","type-page","status-publish","hentry"],"yoast_head":"<!-- This site is optimized with the Yoast SEO plugin v25.5 - https:\/\/yoast.com\/wordpress\/plugins\/seo\/ -->\n<title>Language test - Som Riu<\/title>\n<meta name=\"robots\" content=\"index, follow, max-snippet:-1, max-image-preview:large, max-video-preview:-1\" \/>\n<link rel=\"canonical\" href=\"https:\/\/som-riu.es\/en\/language-test\/\" \/>\n<meta property=\"og:locale\" content=\"en_US\" \/>\n<meta property=\"og:type\" content=\"article\" \/>\n<meta property=\"og:title\" content=\"Language test - Som Riu\" \/>\n<meta property=\"og:description\" content=\"[vc_row][vc_column width=&#8221;1\/1&#8243;][vc_column_text uncode_shortcode_id=&#8221;481316&#8243;]Original page, English[\/vc_column_text][\/vc_column][\/vc_row]\" \/>\n<meta property=\"og:url\" content=\"https:\/\/som-riu.es\/en\/language-test\/\" \/>\n<meta property=\"og:site_name\" content=\"Som Riu\" \/>\n<meta property=\"article:modified_time\" content=\"2025-07-22T07:39:41+00:00\" \/>\n<meta name=\"twitter:card\" content=\"summary_large_image\" \/>\n<script type=\"application\/ld+json\" class=\"yoast-schema-graph\">{\"@context\":\"https:\/\/schema.org\",\"@graph\":[{\"@type\":\"WebPage\",\"@id\":\"https:\/\/som-riu.es\/en\/language-test\/\",\"url\":\"https:\/\/som-riu.es\/en\/language-test\/\",\"name\":\"Language test - Som Riu\",\"isPartOf\":{\"@id\":\"https:\/\/som-riu.es\/en\/#website\"},\"datePublished\":\"2025-07-22T06:18:08+00:00\",\"dateModified\":\"2025-07-22T07:39:41+00:00\",\"breadcrumb\":{\"@id\":\"https:\/\/som-riu.es\/en\/language-test\/#breadcrumb\"},\"inLanguage\":\"en-US\",\"potentialAction\":[{\"@type\":\"ReadAction\",\"target\":[\"https:\/\/som-riu.es\/en\/language-test\/\"]}]},{\"@type\":\"BreadcrumbList\",\"@id\":\"https:\/\/som-riu.es\/en\/language-test\/#breadcrumb\",\"itemListElement\":[{\"@type\":\"ListItem\",\"position\":1,\"name\":\"Portada\",\"item\":\"https:\/\/som-riu.es\/en\/\"},{\"@type\":\"ListItem\",\"position\":2,\"name\":\"Language test\"}]},{\"@type\":\"WebSite\",\"@id\":\"https:\/\/som-riu.es\/en\/#website\",\"url\":\"https:\/\/som-riu.es\/en\/\",\"name\":\"Som Riu\",\"description\":\"Cuidar la teva salut mental tamb\u00e9 \u00e9s cuidar als dem\u00e9s\",\"potentialAction\":[{\"@type\":\"SearchAction\",\"target\":{\"@type\":\"EntryPoint\",\"urlTemplate\":\"https:\/\/som-riu.es\/en\/?s={search_term_string}\"},\"query-input\":{\"@type\":\"PropertyValueSpecification\",\"valueRequired\":true,\"valueName\":\"search_term_string\"}}],\"inLanguage\":\"en-US\"}]}<\/script>\n<!-- \/ Yoast SEO plugin. -->","yoast_head_json":{"title":"Language test - Som Riu","robots":{"index":"index","follow":"follow","max-snippet":"max-snippet:-1","max-image-preview":"max-image-preview:large","max-video-preview":"max-video-preview:-1"},"canonical":"https:\/\/som-riu.es\/en\/language-test\/","og_locale":"en_US","og_type":"article","og_title":"Language test - Som Riu","og_description":"[vc_row][vc_column width=&#8221;1\/1&#8243;][vc_column_text uncode_shortcode_id=&#8221;481316&#8243;]Original page, English[\/vc_column_text][\/vc_column][\/vc_row]","og_url":"https:\/\/som-riu.es\/en\/language-test\/","og_site_name":"Som Riu","article_modified_time":"2025-07-22T07:39:41+00:00","twitter_card":"summary_large_image","schema":{"@context":"https:\/\/schema.org","@graph":[{"@type":"WebPage","@id":"https:\/\/som-riu.es\/en\/language-test\/","url":"https:\/\/som-riu.es\/en\/language-test\/","name":"Language test - Som Riu","isPartOf":{"@id":"https:\/\/som-riu.es\/en\/#website"},"datePublished":"2025-07-22T06:18:08+00:00","dateModified":"2025-07-22T07:39:41+00:00","breadcrumb":{"@id":"https:\/\/som-riu.es\/en\/language-test\/#breadcrumb"},"inLanguage":"en-US","potentialAction":[{"@type":"ReadAction","target":["https:\/\/som-riu.es\/en\/language-test\/"]}]},{"@type":"BreadcrumbList","@id":"https:\/\/som-riu.es\/en\/language-test\/#breadcrumb","itemListElement":[{"@type":"ListItem","position":1,"name":"Portada","item":"https:\/\/som-riu.es\/en\/"},{"@type":"ListItem","position":2,"name":"Language test"}]},{"@type":"WebSite","@id":"https:\/\/som-riu.es\/en\/#website","url":"https:\/\/som-riu.es\/en\/","name":"Som Riu","description":"Cuidar la teva salut mental tamb\u00e9 \u00e9s cuidar als dem\u00e9s","potentialAction":[{"@type":"SearchAction","target":{"@type":"EntryPoint","urlTemplate":"https:\/\/som-riu.es\/en\/?s={search_term_string}"},"query-input":{"@type":"PropertyValueSpecification","valueRequired":true,"valueName":"search_term_string"}}],"inLanguage":"en-US"}]}},"_links":{"self":[{"href":"https:\/\/som-riu.es\/en\/wp-json\/wp\/v2\/pages\/159395","targetHints":{"allow":["GET"]}}],"collection":[{"href":"https:\/\/som-riu.es\/en\/wp-json\/wp\/v2\/pages"}],"about":[{"href":"https:\/\/som-riu.es\/en\/wp-json\/wp\/v2\/types\/page"}],"author":[{"embeddable":true,"href":"https:\/\/som-riu.es\/en\/wp-json\/wp\/v2\/users\/1"}],"replies":[{"embeddable":true,"href":"https:\/\/som-riu.es\/en\/wp-json\/wp\/v2\/comments?post=159395"}],"version-history":[{"count":2,"href":"https:\/\/som-riu.es\/en\/wp-json\/wp\/v2\/pages\/159395\/revisions"}],"predecessor-version":[{"id":159397,"href":"https:\/\/som-riu.es\/en\/wp-json\/wp\/v2\/pages\/159395\/revisions\/159397"}],"wp:attachment":[{"href":"https:\/\/som-riu.es\/en\/wp-json\/wp\/v2\/media?parent=159395"}],"curies":[{"name":"wp","href":"https:\/\/api.w.org\/{rel}","templated":true}]}}