{"id":159738,"date":"2025-07-20T10:35:53","date_gmt":"2025-07-20T08:35:53","guid":{"rendered":"https:\/\/som-riu.es\/user-account\/"},"modified":"2025-07-22T13:54:00","modified_gmt":"2025-07-22T11:54:00","slug":"user-account","status":"publish","type":"page","link":"https:\/\/som-riu.es\/en\/user-account\/","title":{"rendered":"User account"},"content":{"rendered":"\t\t<div data-elementor-type=\"wp-page\" data-elementor-id=\"159738\" class=\"elementor elementor-159738 elementor-159217\" data-elementor-post-type=\"page\">\n\t\t\t\t<div class=\"elementor-element elementor-element-3a4ec0a7 e-flex e-con-boxed e-con e-parent\" data-id=\"3a4ec0a7\" data-element_type=\"container\">\n\t\t\t\t\t<div class=\"e-con-inner\">\n\t\t\t\t<div class=\"elementor-element elementor-element-228f710e elementor-widget elementor-widget-text-editor\" data-id=\"228f710e\" data-element_type=\"widget\" data-widget_type=\"text-editor.default\">\n\t\t\t\t\t\t\t\t\t[vc_row full_width=&#8221;stretch_row_content&#8221;][vc_column width=&#8221;1\/3&#8243;][vc_gallery el_id=&#8221;gallery-146944&#8243; medias=&#8221;16,15,12&#8243; gutter_size=&#8221;3&#8243; single_overlay_opacity=&#8221;50&#8243; single_padding=&#8221;2&#8243; uncode_shortcode_id=&#8221;384068&#8243;][\/vc_column][vc_column width=&#8221;1\/3&#8243;][vc_column_text uncode_shortcode_id=&#8221;337198&#8243;]I am text block. Click edit button to change this text. Lorem ipsum dolor sit amet, consectetur adipiscing elit. Ut elit tellus, luctus nec ullamcorper mattis, pulvinar dapibus leo.[\/vc_column_text][\/vc_column][vc_column width=&#8221;1\/3&#8243;][\/vc_column][\/vc_row]\t\t\t\t\t\t\t\t<\/div>\n\t\t\t\t\t<\/div>\n\t\t\t\t<\/div>\n\t\t<div class=\"elementor-element elementor-element-bed7125 e-flex e-con-boxed e-con e-parent\" data-id=\"bed7125\" data-element_type=\"container\">\n\t\t\t\t\t<div class=\"e-con-inner\">\n\t\t\t\t<div class=\"elementor-element elementor-element-973d6a1 elementor-widget elementor-widget-stm_call_to_action\" data-id=\"973d6a1\" data-element_type=\"widget\" data-widget_type=\"stm_call_to_action.default\">\n\t\t\t\t<div class=\"elementor-widget-container\">\n\t\t\t\t\t<div class=\"stm_lms_cta\">\n\t<div class=\"stm_lms_cta__container\">\n\t\t<span class=\"stm_lms_cta__icon\">\n\t\t\t\t\t<\/span>\n\t<\/div>\n\t<div class=\"stm_lms_cta__container\">\n\t\t<a href=\"#\" class=\"stm_lms_cta__heading_link\"\n\t\t\t\t>\n\t\t\t<h2 class=\"stm_lms_cta__heading\">\n\t\t\t\tdfsdfsdfs\t\t\t<\/h2>\n\t\t<\/a>\n\t\t<div class=\"stm_lms_cta__text\">\n\t\t\t\t\t<\/div>\n\t\t<a href=\"\" class=\"stm_lms_cta__button\" \n\t\t\t\t>\n\t\t\t\t\t<\/a>\n\t<\/div>\n<\/div>\n\t\t\t\t<\/div>\n\t\t\t\t<\/div>\n\t\t\t\t\t<\/div>\n\t\t\t\t<\/div>\n\t\t\t\t<\/div>\n\t\t","protected":false},"excerpt":{"rendered":"<p>[vc_row full_width=&#8221;stretch_row_content&#8221;][vc_column width=&#8221;1\/3&#8243;][vc_gallery el_id=&#8221;gallery-146944&#8243; medias=&#8221;16,15,12&#8243; gutter_size=&#8221;3&#8243; single_overlay_opacity=&#8221;50&#8243; single_padding=&#8221;2&#8243; uncode_shortcode_id=&#8221;384068&#8243;][\/vc_column][vc_column width=&#8221;1\/3&#8243;][vc_column_text uncode_shortcode_id=&#8221;337198&#8243;]I am text block. Click edit button to change this text. Lorem ipsum dolor sit amet, consectetur adipiscing elit. Ut elit tellus, luctus nec ullamcorper mattis, pulvinar dapibus leo.[\/vc_column_text][\/vc_column][vc_column width=&#8221;1\/3&#8243;][\/vc_column][\/vc_row] dfsdfsdfs<\/p>\n","protected":false},"author":1,"featured_media":0,"parent":0,"menu_order":0,"comment_status":"closed","ping_status":"closed","template":"","meta":{"footnotes":""},"class_list":["post-159738","page","type-page","status-publish","hentry"],"yoast_head":"<!-- This site is optimized with the Yoast SEO plugin v25.5 - https:\/\/yoast.com\/wordpress\/plugins\/seo\/ -->\n<title>User account - Som Riu<\/title>\n<meta name=\"robots\" content=\"index, follow, max-snippet:-1, max-image-preview:large, max-video-preview:-1\" \/>\n<link rel=\"canonical\" href=\"https:\/\/som-riu.es\/en\/user-account\/\" \/>\n<meta property=\"og:locale\" content=\"en_US\" \/>\n<meta property=\"og:type\" content=\"article\" \/>\n<meta property=\"og:title\" content=\"User account - Som Riu\" \/>\n<meta property=\"og:description\" content=\"[vc_row full_width=&#8221;stretch_row_content&#8221;][vc_column width=&#8221;1\/3&#8243;][vc_gallery el_id=&#8221;gallery-146944&#8243; medias=&#8221;16,15,12&#8243; gutter_size=&#8221;3&#8243; single_overlay_opacity=&#8221;50&#8243; single_padding=&#8221;2&#8243; uncode_shortcode_id=&#8221;384068&#8243;][\/vc_column][vc_column width=&#8221;1\/3&#8243;][vc_column_text uncode_shortcode_id=&#8221;337198&#8243;]I am text block. Click edit button to change this text. Lorem ipsum dolor sit amet, consectetur adipiscing elit. Ut elit tellus, luctus nec ullamcorper mattis, pulvinar dapibus leo.[\/vc_column_text][\/vc_column][vc_column width=&#8221;1\/3&#8243;][\/vc_column][\/vc_row] dfsdfsdfs\" \/>\n<meta property=\"og:url\" content=\"https:\/\/som-riu.es\/en\/user-account\/\" \/>\n<meta property=\"og:site_name\" content=\"Som Riu\" \/>\n<meta property=\"article:modified_time\" content=\"2025-07-22T11:54:00+00:00\" \/>\n<meta name=\"twitter:card\" content=\"summary_large_image\" \/>\n<script type=\"application\/ld+json\" class=\"yoast-schema-graph\">{\"@context\":\"https:\/\/schema.org\",\"@graph\":[{\"@type\":\"WebPage\",\"@id\":\"https:\/\/som-riu.es\/en\/user-account\/\",\"url\":\"https:\/\/som-riu.es\/en\/user-account\/\",\"name\":\"User account - Som Riu\",\"isPartOf\":{\"@id\":\"https:\/\/som-riu.es\/en\/#website\"},\"datePublished\":\"2025-07-20T08:35:53+00:00\",\"dateModified\":\"2025-07-22T11:54:00+00:00\",\"breadcrumb\":{\"@id\":\"https:\/\/som-riu.es\/en\/user-account\/#breadcrumb\"},\"inLanguage\":\"en-US\",\"potentialAction\":[{\"@type\":\"ReadAction\",\"target\":[\"https:\/\/som-riu.es\/en\/user-account\/\"]}]},{\"@type\":\"BreadcrumbList\",\"@id\":\"https:\/\/som-riu.es\/en\/user-account\/#breadcrumb\",\"itemListElement\":[{\"@type\":\"ListItem\",\"position\":1,\"name\":\"Portada\",\"item\":\"https:\/\/som-riu.es\/en\/\"},{\"@type\":\"ListItem\",\"position\":2,\"name\":\"User account\"}]},{\"@type\":\"WebSite\",\"@id\":\"https:\/\/som-riu.es\/en\/#website\",\"url\":\"https:\/\/som-riu.es\/en\/\",\"name\":\"Som Riu\",\"description\":\"Cuidar la teva salut mental tamb\u00e9 \u00e9s cuidar als dem\u00e9s\",\"potentialAction\":[{\"@type\":\"SearchAction\",\"target\":{\"@type\":\"EntryPoint\",\"urlTemplate\":\"https:\/\/som-riu.es\/en\/?s={search_term_string}\"},\"query-input\":{\"@type\":\"PropertyValueSpecification\",\"valueRequired\":true,\"valueName\":\"search_term_string\"}}],\"inLanguage\":\"en-US\"}]}<\/script>\n<!-- \/ Yoast SEO plugin. -->","yoast_head_json":{"title":"User account - Som Riu","robots":{"index":"index","follow":"follow","max-snippet":"max-snippet:-1","max-image-preview":"max-image-preview:large","max-video-preview":"max-video-preview:-1"},"canonical":"https:\/\/som-riu.es\/en\/user-account\/","og_locale":"en_US","og_type":"article","og_title":"User account - Som Riu","og_description":"[vc_row full_width=&#8221;stretch_row_content&#8221;][vc_column width=&#8221;1\/3&#8243;][vc_gallery el_id=&#8221;gallery-146944&#8243; medias=&#8221;16,15,12&#8243; gutter_size=&#8221;3&#8243; single_overlay_opacity=&#8221;50&#8243; single_padding=&#8221;2&#8243; uncode_shortcode_id=&#8221;384068&#8243;][\/vc_column][vc_column width=&#8221;1\/3&#8243;][vc_column_text uncode_shortcode_id=&#8221;337198&#8243;]I am text block. Click edit button to change this text. Lorem ipsum dolor sit amet, consectetur adipiscing elit. Ut elit tellus, luctus nec ullamcorper mattis, pulvinar dapibus leo.[\/vc_column_text][\/vc_column][vc_column width=&#8221;1\/3&#8243;][\/vc_column][\/vc_row] dfsdfsdfs","og_url":"https:\/\/som-riu.es\/en\/user-account\/","og_site_name":"Som Riu","article_modified_time":"2025-07-22T11:54:00+00:00","twitter_card":"summary_large_image","schema":{"@context":"https:\/\/schema.org","@graph":[{"@type":"WebPage","@id":"https:\/\/som-riu.es\/en\/user-account\/","url":"https:\/\/som-riu.es\/en\/user-account\/","name":"User account - Som Riu","isPartOf":{"@id":"https:\/\/som-riu.es\/en\/#website"},"datePublished":"2025-07-20T08:35:53+00:00","dateModified":"2025-07-22T11:54:00+00:00","breadcrumb":{"@id":"https:\/\/som-riu.es\/en\/user-account\/#breadcrumb"},"inLanguage":"en-US","potentialAction":[{"@type":"ReadAction","target":["https:\/\/som-riu.es\/en\/user-account\/"]}]},{"@type":"BreadcrumbList","@id":"https:\/\/som-riu.es\/en\/user-account\/#breadcrumb","itemListElement":[{"@type":"ListItem","position":1,"name":"Portada","item":"https:\/\/som-riu.es\/en\/"},{"@type":"ListItem","position":2,"name":"User account"}]},{"@type":"WebSite","@id":"https:\/\/som-riu.es\/en\/#website","url":"https:\/\/som-riu.es\/en\/","name":"Som Riu","description":"Cuidar la teva salut mental tamb\u00e9 \u00e9s cuidar als dem\u00e9s","potentialAction":[{"@type":"SearchAction","target":{"@type":"EntryPoint","urlTemplate":"https:\/\/som-riu.es\/en\/?s={search_term_string}"},"query-input":{"@type":"PropertyValueSpecification","valueRequired":true,"valueName":"search_term_string"}}],"inLanguage":"en-US"}]}},"_links":{"self":[{"href":"https:\/\/som-riu.es\/en\/wp-json\/wp\/v2\/pages\/159738","targetHints":{"allow":["GET"]}}],"collection":[{"href":"https:\/\/som-riu.es\/en\/wp-json\/wp\/v2\/pages"}],"about":[{"href":"https:\/\/som-riu.es\/en\/wp-json\/wp\/v2\/types\/page"}],"author":[{"embeddable":true,"href":"https:\/\/som-riu.es\/en\/wp-json\/wp\/v2\/users\/1"}],"replies":[{"embeddable":true,"href":"https:\/\/som-riu.es\/en\/wp-json\/wp\/v2\/comments?post=159738"}],"version-history":[{"count":1,"href":"https:\/\/som-riu.es\/en\/wp-json\/wp\/v2\/pages\/159738\/revisions"}],"predecessor-version":[{"id":159739,"href":"https:\/\/som-riu.es\/en\/wp-json\/wp\/v2\/pages\/159738\/revisions\/159739"}],"wp:attachment":[{"href":"https:\/\/som-riu.es\/en\/wp-json\/wp\/v2\/media?parent=159738"}],"curies":[{"name":"wp","href":"https:\/\/api.w.org\/{rel}","templated":true}]}}