{"id":161871,"date":"2025-08-04T13:42:10","date_gmt":"2025-08-04T11:42:10","guid":{"rendered":"https:\/\/som-riu.es\/recursos\/"},"modified":"2025-11-01T09:02:23","modified_gmt":"2025-11-01T08:02:23","slug":"recursos","status":"publish","type":"page","link":"https:\/\/som-riu.es\/es\/recursos\/","title":{"rendered":"Recursos"},"content":{"rendered":"\t\t<div data-elementor-type=\"wp-page\" data-elementor-id=\"161871\" class=\"elementor elementor-161871 elementor-161078\" data-elementor-post-type=\"page\">\n\t\t\t\t<div class=\"elementor-element elementor-element-18643bbf e-flex e-con-boxed e-con e-parent\" data-id=\"18643bbf\" data-element_type=\"container\" data-settings=\"{&quot;background_background&quot;:&quot;gradient&quot;,&quot;shape_divider_bottom&quot;:&quot;waves&quot;}\">\n\t\t\t\t\t<div class=\"e-con-inner\">\n\t\t\t\t<div class=\"elementor-shape elementor-shape-bottom\" aria-hidden=\"true\" data-negative=\"false\">\n\t\t\t<svg xmlns=\"http:\/\/www.w3.org\/2000\/svg\" viewBox=\"0 0 1000 100\" preserveAspectRatio=\"none\">\n\t<path class=\"elementor-shape-fill\" d=\"M421.9,6.5c22.6-2.5,51.5,0.4,75.5,5.3c23.6,4.9,70.9,23.5,100.5,35.7c75.8,32.2,133.7,44.5,192.6,49.7\n\tc23.6,2.1,48.7,3.5,103.4-2.5c54.7-6,106.2-25.6,106.2-25.6V0H0v30.3c0,0,72,32.6,158.4,30.5c39.2-0.7,92.8-6.7,134-22.4\n\tc21.2-8.1,52.2-18.2,79.7-24.2C399.3,7.9,411.6,7.5,421.9,6.5z\"\/>\n<\/svg>\t\t<\/div>\n\t\t\t\t<div class=\"elementor-element elementor-element-a4bbab4 elementor-widget elementor-widget-heading\" data-id=\"a4bbab4\" data-element_type=\"widget\" data-widget_type=\"heading.default\">\n\t\t\t\t\t<h1 class=\"elementor-heading-title elementor-size-default\">Recursos<\/h1>\t\t\t\t<\/div>\n\t\t<div class=\"elementor-element elementor-element-dc3d483 e-con-full e-flex e-con e-child\" data-id=\"dc3d483\" data-element_type=\"container\">\n\t\t\t\t<div class=\"elementor-element elementor-element-66c498f elementor-widget elementor-widget-heading\" data-id=\"66c498f\" data-element_type=\"widget\" data-widget_type=\"heading.default\">\n\t\t\t\t\t<h4 class=\"elementor-heading-title elementor-size-default\"><strong>SOM RIU<\/strong> es una iniciativa destinada a promover el bienestar emocional y la\n salud mental de los adolescentes y j\u00f3venes dentro de su comunidad educativa.<\/h4>\t\t\t\t<\/div>\n\t\t\t\t<\/div>\n\t\t\t\t\t<\/div>\n\t\t\t\t<\/div>\n\t\t<div class=\"elementor-element elementor-element-912c93e e-flex e-con-boxed e-con e-parent\" data-id=\"912c93e\" data-element_type=\"container\">\n\t\t\t\t\t<div class=\"e-con-inner\">\n\t\t<div class=\"elementor-element elementor-element-59009fa e-grid e-con-full e-con e-child\" data-id=\"59009fa\" data-element_type=\"container\">\n\t\t\t\t<div class=\"elementor-element elementor-element-55eec7e elementor-widget elementor-widget-heading\" data-id=\"55eec7e\" data-element_type=\"widget\" data-widget_type=\"heading.default\">\n\t\t\t\t\t<h2 class=\"elementor-heading-title elementor-size-default\">Informaci\u00f3n \u00fatil<\/h2>\t\t\t\t<\/div>\n\t\t\t\t<div class=\"elementor-element elementor-element-ea3caf8 elementor-widget elementor-widget-heading\" data-id=\"ea3caf8\" data-element_type=\"widget\" data-widget_type=\"heading.default\">\n\t\t\t\t\t<h4 class=\"elementor-heading-title elementor-size-default\">Aqu\u00ed tienes noticias y recursos relacionados con los cursos y talleres.<\/h4>\t\t\t\t<\/div>\n\t\t\t\t<\/div>\n\t\t\t\t\t<\/div>\n\t\t\t\t<\/div>\n\t\t\t\t<\/div>\n\t\t","protected":false},"excerpt":{"rendered":"<p>Recursos SOM RIU es una iniciativa destinada a promover el bienestar emocional y la salud mental de los adolescentes y j\u00f3venes dentro de su comunidad educativa. Informaci\u00f3n \u00fatil Aqu\u00ed tienes noticias y recursos relacionados con los cursos y talleres.<\/p>\n","protected":false},"author":1,"featured_media":0,"parent":0,"menu_order":0,"comment_status":"closed","ping_status":"closed","template":"elementor_header_footer","meta":{"footnotes":""},"class_list":["post-161871","page","type-page","status-publish","hentry"],"yoast_head":"<!-- This site is optimized with the Yoast SEO plugin v25.5 - https:\/\/yoast.com\/wordpress\/plugins\/seo\/ -->\n<title>Recursos - Som Riu<\/title>\n<meta name=\"robots\" content=\"index, follow, max-snippet:-1, max-image-preview:large, max-video-preview:-1\" \/>\n<link rel=\"canonical\" href=\"https:\/\/som-riu.es\/es\/recursos\/\" \/>\n<meta property=\"og:locale\" content=\"es_ES\" \/>\n<meta property=\"og:type\" content=\"article\" \/>\n<meta property=\"og:title\" content=\"Recursos - Som Riu\" \/>\n<meta property=\"og:description\" content=\"Recursos SOM RIU es una iniciativa destinada a promover el bienestar emocional y la salud mental de los adolescentes y j\u00f3venes dentro de su comunidad educativa. Informaci\u00f3n \u00fatil Aqu\u00ed tienes noticias y recursos relacionados con los cursos y talleres.\" \/>\n<meta property=\"og:url\" content=\"https:\/\/som-riu.es\/es\/recursos\/\" \/>\n<meta property=\"og:site_name\" content=\"Som Riu\" \/>\n<meta property=\"article:modified_time\" content=\"2025-11-01T08:02:23+00:00\" \/>\n<meta name=\"twitter:card\" content=\"summary_large_image\" \/>\n<script type=\"application\/ld+json\" class=\"yoast-schema-graph\">{\"@context\":\"https:\/\/schema.org\",\"@graph\":[{\"@type\":\"WebPage\",\"@id\":\"https:\/\/som-riu.es\/es\/recursos\/\",\"url\":\"https:\/\/som-riu.es\/es\/recursos\/\",\"name\":\"Recursos - Som Riu\",\"isPartOf\":{\"@id\":\"https:\/\/som-riu.es\/es\/#website\"},\"datePublished\":\"2025-08-04T11:42:10+00:00\",\"dateModified\":\"2025-11-01T08:02:23+00:00\",\"breadcrumb\":{\"@id\":\"https:\/\/som-riu.es\/es\/recursos\/#breadcrumb\"},\"inLanguage\":\"es\",\"potentialAction\":[{\"@type\":\"ReadAction\",\"target\":[\"https:\/\/som-riu.es\/es\/recursos\/\"]}]},{\"@type\":\"BreadcrumbList\",\"@id\":\"https:\/\/som-riu.es\/es\/recursos\/#breadcrumb\",\"itemListElement\":[{\"@type\":\"ListItem\",\"position\":1,\"name\":\"Portada\",\"item\":\"https:\/\/som-riu.es\/es\/\"},{\"@type\":\"ListItem\",\"position\":2,\"name\":\"Recursos\"}]},{\"@type\":\"WebSite\",\"@id\":\"https:\/\/som-riu.es\/es\/#website\",\"url\":\"https:\/\/som-riu.es\/es\/\",\"name\":\"Som Riu\",\"description\":\"Cuidar la teva salut mental tamb\u00e9 \u00e9s cuidar als dem\u00e9s\",\"potentialAction\":[{\"@type\":\"SearchAction\",\"target\":{\"@type\":\"EntryPoint\",\"urlTemplate\":\"https:\/\/som-riu.es\/es\/?s={search_term_string}\"},\"query-input\":{\"@type\":\"PropertyValueSpecification\",\"valueRequired\":true,\"valueName\":\"search_term_string\"}}],\"inLanguage\":\"es\"}]}<\/script>\n<!-- \/ Yoast SEO plugin. -->","yoast_head_json":{"title":"Recursos - Som Riu","robots":{"index":"index","follow":"follow","max-snippet":"max-snippet:-1","max-image-preview":"max-image-preview:large","max-video-preview":"max-video-preview:-1"},"canonical":"https:\/\/som-riu.es\/es\/recursos\/","og_locale":"es_ES","og_type":"article","og_title":"Recursos - Som Riu","og_description":"Recursos SOM RIU es una iniciativa destinada a promover el bienestar emocional y la salud mental de los adolescentes y j\u00f3venes dentro de su comunidad educativa. Informaci\u00f3n \u00fatil Aqu\u00ed tienes noticias y recursos relacionados con los cursos y talleres.","og_url":"https:\/\/som-riu.es\/es\/recursos\/","og_site_name":"Som Riu","article_modified_time":"2025-11-01T08:02:23+00:00","twitter_card":"summary_large_image","schema":{"@context":"https:\/\/schema.org","@graph":[{"@type":"WebPage","@id":"https:\/\/som-riu.es\/es\/recursos\/","url":"https:\/\/som-riu.es\/es\/recursos\/","name":"Recursos - Som Riu","isPartOf":{"@id":"https:\/\/som-riu.es\/es\/#website"},"datePublished":"2025-08-04T11:42:10+00:00","dateModified":"2025-11-01T08:02:23+00:00","breadcrumb":{"@id":"https:\/\/som-riu.es\/es\/recursos\/#breadcrumb"},"inLanguage":"es","potentialAction":[{"@type":"ReadAction","target":["https:\/\/som-riu.es\/es\/recursos\/"]}]},{"@type":"BreadcrumbList","@id":"https:\/\/som-riu.es\/es\/recursos\/#breadcrumb","itemListElement":[{"@type":"ListItem","position":1,"name":"Portada","item":"https:\/\/som-riu.es\/es\/"},{"@type":"ListItem","position":2,"name":"Recursos"}]},{"@type":"WebSite","@id":"https:\/\/som-riu.es\/es\/#website","url":"https:\/\/som-riu.es\/es\/","name":"Som Riu","description":"Cuidar la teva salut mental tamb\u00e9 \u00e9s cuidar als dem\u00e9s","potentialAction":[{"@type":"SearchAction","target":{"@type":"EntryPoint","urlTemplate":"https:\/\/som-riu.es\/es\/?s={search_term_string}"},"query-input":{"@type":"PropertyValueSpecification","valueRequired":true,"valueName":"search_term_string"}}],"inLanguage":"es"}]}},"_links":{"self":[{"href":"https:\/\/som-riu.es\/es\/wp-json\/wp\/v2\/pages\/161871","targetHints":{"allow":["GET"]}}],"collection":[{"href":"https:\/\/som-riu.es\/es\/wp-json\/wp\/v2\/pages"}],"about":[{"href":"https:\/\/som-riu.es\/es\/wp-json\/wp\/v2\/types\/page"}],"author":[{"embeddable":true,"href":"https:\/\/som-riu.es\/es\/wp-json\/wp\/v2\/users\/1"}],"replies":[{"embeddable":true,"href":"https:\/\/som-riu.es\/es\/wp-json\/wp\/v2\/comments?post=161871"}],"version-history":[{"count":1,"href":"https:\/\/som-riu.es\/es\/wp-json\/wp\/v2\/pages\/161871\/revisions"}],"predecessor-version":[{"id":161872,"href":"https:\/\/som-riu.es\/es\/wp-json\/wp\/v2\/pages\/161871\/revisions\/161872"}],"wp:attachment":[{"href":"https:\/\/som-riu.es\/es\/wp-json\/wp\/v2\/media?parent=161871"}],"curies":[{"name":"wp","href":"https:\/\/api.w.org\/{rel}","templated":true}]}}