{"id":161894,"date":"2025-08-04T14:08:18","date_gmt":"2025-08-04T12:08:18","guid":{"rendered":"https:\/\/som-riu.es\/aviso-legal\/"},"modified":"2025-11-01T09:58:56","modified_gmt":"2025-11-01T08:58:56","slug":"aviso-legal","status":"publish","type":"page","link":"https:\/\/som-riu.es\/es\/aviso-legal\/","title":{"rendered":"Aviso legal"},"content":{"rendered":"\t\t<div data-elementor-type=\"wp-page\" data-elementor-id=\"161894\" class=\"elementor elementor-161894 elementor-161102\" data-elementor-post-type=\"page\">\n\t\t\t\t<div class=\"elementor-element elementor-element-37f0c9d7 e-flex e-con-boxed e-con e-parent\" data-id=\"37f0c9d7\" data-element_type=\"container\">\n\t\t\t\t\t<div class=\"e-con-inner\">\n\t\t\t\t<div class=\"elementor-element elementor-element-116f3541 elementor-widget elementor-widget-text-editor\" data-id=\"116f3541\" data-element_type=\"widget\" data-widget_type=\"text-editor.default\">\n\t\t\t\t\t\t\t\t\t<p><br><strong>1. Identificaci\u00f3n y contacto del propietario de la web.<\/strong><br> www.idisba.es (en adelante la web), es propiedad de la Fundaci\u00f3n Instituto de Investigaci\u00f3n Sanitaria Illes Balears (IdISBa) (en adelante el Titular) con domicilio en Crta. Valldemossa, 79 (Hospital Universitario Son Espases), Edificio S, 1\u00aa planta. 07010 Palma, con CIF G57326324, tel\u00e9fono (+34) 871 20 52 34 y correo electr\u00f3nico idisba.info@ssib.es.  <\/p>\n<p>Otros datos del propietario:<br> Datos registrales (N\u00fam. Registro \u00danico de Fundaciones de las Illes Balears): 100000000220<\/p>\n<p><br><strong>2. \u00c1mbito de aplicaci\u00f3n.<\/strong><br>La navegaci\u00f3n por el sitio web del Titular implica asumir la condici\u00f3n de usuario y la aceptaci\u00f3n absoluta de lo que se manifiesta en este Aviso Legal.<\/p>\n<p><br><strong>3. Edad.<\/strong><br> En nuestra web no tratamos datos de menores de 14 a\u00f1os.<\/p>\n<p><br><strong>4. Propiedad intelectual o industrial.<\/strong><br> Los contenidos de la web, por ejemplo, textos, im\u00e1genes, gr\u00e1ficos o c\u00f3digo fuente, est\u00e1n protegidos por derechos de propiedad intelectual e industrial.<br> Estos contenidos no podr\u00e1n ser, por ejemplo, reproducidos o transformados sin el permiso previo y expl\u00edcito del Titular. Los usuarios pueden acceder a los contenidos y realizar copias privadas autorizadas siempre que los elementos reproducidos no sean cedidos posteriormente a terceros, ni se instalen en servidores en red, ni sean objeto de ning\u00fan tipo de explotaci\u00f3n. <\/p>\n<p><br><strong>5. Normas comunes de uso de la web.<\/strong><br> El usuario se compromete a hacer un uso de la web de acuerdo con las siguientes normas:<\/p>\n<ul>\n<li>No publicar\u00e1 comunicaciones comerciales a trav\u00e9s del sitio web.<\/li>\n<li>No recopilar\u00e1 contenido o informaci\u00f3n de otros usuarios.<\/li>\n<li>No cargar\u00e1 virus ni malware de ning\u00fan tipo.<\/li>\n<li>No solicitar\u00e1 informaci\u00f3n de inicio de sesi\u00f3n ni acceder\u00e1 a una cuenta perteneciente a otro usuario.<\/li>\n<li>No realizar\u00e1 actos il\u00edcitos, enga\u00f1osos, malintencionados o discriminatorios en el sitio web, de acuerdo con estas condiciones y con el ordenamiento jur\u00eddico espa\u00f1ol.<\/li>\n<li>Por lo general, no realizar\u00e1 actos que supongan da\u00f1os o lesiones de los derechos de terceros.<\/li>\n<\/ul>\n<p>El Titular podr\u00e1 eliminar cualquier contenido o suspender el servicio si, a su juicio, incumple cualquiera de las normas y obligaciones descritas en este Aviso Legal.<\/p>\n<p>Para cualquier consulta o aclaraci\u00f3n sobre estas normas, puede contactar con nosotros por correo electr\u00f3nico.<\/p>\n<p><br><strong>6. Enlaces y limitaci\u00f3n de responsabilidad.<\/strong><br> El establecimiento de un enlace no implica en ning\u00fan caso la existencia de relaciones entre el Titular y el propietario del sitio web en el que se establezca, ni la aceptaci\u00f3n y aprobaci\u00f3n por parte del Titular de sus contenidos o servicios. Aquellas personas que se propongan establecer un hiperenlace, previamente tendr\u00e1n que solicitar autorizaci\u00f3n por escrito al Titular. En cualquier caso, el hiperenlace \u00fanicamente permitir\u00e1 el acceso a la p\u00e1gina de inicio de nuestro sitio web. Asimismo, deber\u00e1 abstenerse de realizar manifestaciones o indicaciones falsas, inexactas o incorrectas sobre el Titular, o de incluir contenidos ilegales, contrarios a las buenas costumbres y al orden p\u00fablico.   <\/p>\n<p>El Titular no se responsabiliza del uso que cada usuario haga de los materiales puestos a disposici\u00f3n en este sitio web ni de las actuaciones que realice sobre la base de los mismos. El contenido de la web es de car\u00e1cter general y meramente informativo. <\/p>\n<p>El Titular no asumir\u00e1 responsabilidad por el contenido o funcionamiento de webs de terceros a los que el usuario del sitio web pueda acceder mediante cualquier tipo de enlace.<\/p>\n<p>El Titular declina cualquier responsabilidad, hasta donde permita el ordenamiento jur\u00eddico, por los da\u00f1os y perjuicios derivados de la presencia de virus, de las actuaciones de terceros que vulneren derechos de propiedad, honor, intimidad o sobre publicidad ilegal.<\/p>\n<p>Si alg\u00fan usuario o tercero considera que en la web se est\u00e1 cometiendo alg\u00fan il\u00edcito de cualquier tipo, debe remitir una comunicaci\u00f3n al Titular a la direcci\u00f3n de correo electr\u00f3nico que aparece en nuestros datos identificativos. Deber\u00e1 identificarse debidamente, especificando los hechos que denuncia. <\/p>\n<p><br><strong>7. Privacidad.<\/strong><br> Si en la web se recogen datos personales, el Titular ser\u00e1 responsable de \u00e9stos y los tratar\u00e1 con absoluta confidencialidad y seguridad. Podr\u00e1 encontrar m\u00e1s informaci\u00f3n en nuestra pol\u00edtica de privacidad y cookies. <\/p>\n<p><br><strong>8. Modificaciones.<\/strong><br> El Titular se reserva el derecho de realizar las modificaciones que considere oportunas, sin previo aviso, en el contenido de su sitio web. Tanto en lo que se refiere a los contenidos del sitio web, como a las condiciones de uso del mismo, oa las condiciones generales de contrataci\u00f3n. Estas modificaciones podr\u00e1n realizarse a trav\u00e9s de su sitio web por cualquier forma admisible en derecho y ser\u00e1n de obligado cumplimiento durante el tiempo en que se encuentren publicadas en el sitio web y hasta que no sean modificadas v\u00e1lidamente por otras posteriores.  <\/p>\n<p><br><strong>9. Legislaci\u00f3n aplicable, soluci\u00f3n de cuestiones controvertidas y foro competente.<\/strong><br> El uso de la web se regir\u00e1 por la legislaci\u00f3n espa\u00f1ola. Cualquier controversia que surja o tenga relaci\u00f3n con el uso de la web ser\u00e1 sometida a la jurisdicci\u00f3n no exclusiva de los Juzgados y Tribunales del municipio donde radica el domicilio social del Titular. <\/p>\n<p><br><strong>10. Pol\u00edtica de devoluciones.<\/strong><br> A los usuarios del apartado \u201cDonaciones\u201d, les resulta de aplicaci\u00f3n la siguiente pol\u00edtica de devoluci\u00f3n:<\/p>\n<ul>\n<li>El usuario tiene derecho a la devoluci\u00f3n del importe de la donaci\u00f3n de acuerdo con las leyes y normativas vigentes de los servicios de pago.<\/li>\n<li>Las cancelaciones deben informarse por escrito, enviando un correo electr\u00f3nico a idisba.donacions@ssib.es.<\/li>\n<li>No se aceptan cancelaciones informadas por ninguna otra v\u00eda. En este correo electr\u00f3nico deben constar todos los datos de la inscripci\u00f3n, incluyendo concepto de la aportaci\u00f3n realizada, nombre y apellidos del donante, fecha e importe de la operaci\u00f3n. <\/li>\n<\/ul>\n<p><br><strong>11. Uso de im\u00e1genes.<br><\/strong> Las im\u00e1genes mostradas en esta web son de creaci\u00f3n propia o descargadas de repositorios gratuitos de im\u00e1genes. La mayor\u00eda de las im\u00e1genes de repositorios gratuitos han sido obtenidas de Freepik (www.freepik.com). <\/p>\n\t\t\t\t\t\t\t\t<\/div>\n\t\t\t\t\t<\/div>\n\t\t\t\t<\/div>\n\t\t\t\t<\/div>\n\t\t","protected":false},"excerpt":{"rendered":"<p>1. Identificaci\u00f3n y contacto del propietario de la web. www.idisba.es (en adelante la web), es propiedad de la Fundaci\u00f3n Instituto de Investigaci\u00f3n Sanitaria Illes Balears (IdISBa) (en adelante el Titular) con domicilio en Crta. Valldemossa, 79 (Hospital Universitario Son Espases), Edificio S, 1\u00aa planta. 07010 Palma, con CIF G57326324, tel\u00e9fono (+34) 871 20 52 34<a href=\"https:\/\/som-riu.es\/es\/aviso-legal\/\" class=\"more-link\"><span class=\"screen-reader-text\">Aviso legal<\/span><\/a><\/p>\n","protected":false},"author":1,"featured_media":0,"parent":0,"menu_order":0,"comment_status":"closed","ping_status":"closed","template":"","meta":{"footnotes":""},"class_list":["post-161894","page","type-page","status-publish","hentry"],"yoast_head":"<!-- This site is optimized with the Yoast SEO plugin v25.5 - https:\/\/yoast.com\/wordpress\/plugins\/seo\/ -->\n<title>Aviso legal - Som Riu<\/title>\n<meta name=\"robots\" content=\"index, follow, max-snippet:-1, max-image-preview:large, max-video-preview:-1\" \/>\n<link rel=\"canonical\" href=\"https:\/\/som-riu.es\/es\/aviso-legal\/\" \/>\n<meta property=\"og:locale\" content=\"es_ES\" \/>\n<meta property=\"og:type\" content=\"article\" \/>\n<meta property=\"og:title\" content=\"Aviso legal - Som Riu\" \/>\n<meta property=\"og:description\" content=\"1. Identificaci\u00f3n y contacto del propietario de la web. www.idisba.es (en adelante la web), es propiedad de la Fundaci\u00f3n Instituto de Investigaci\u00f3n Sanitaria Illes Balears (IdISBa) (en adelante el Titular) con domicilio en Crta. Valldemossa, 79 (Hospital Universitario Son Espases), Edificio S, 1\u00aa planta. 07010 Palma, con CIF G57326324, tel\u00e9fono (+34) 871 20 52 34Aviso legal\" \/>\n<meta property=\"og:url\" content=\"https:\/\/som-riu.es\/es\/aviso-legal\/\" \/>\n<meta property=\"og:site_name\" content=\"Som Riu\" \/>\n<meta property=\"article:modified_time\" content=\"2025-11-01T08:58:56+00:00\" \/>\n<meta name=\"twitter:card\" content=\"summary_large_image\" \/>\n<meta name=\"twitter:label1\" content=\"Tiempo de lectura\" \/>\n\t<meta name=\"twitter:data1\" content=\"5 minutos\" \/>\n<script type=\"application\/ld+json\" class=\"yoast-schema-graph\">{\"@context\":\"https:\/\/schema.org\",\"@graph\":[{\"@type\":\"WebPage\",\"@id\":\"https:\/\/som-riu.es\/es\/aviso-legal\/\",\"url\":\"https:\/\/som-riu.es\/es\/aviso-legal\/\",\"name\":\"Aviso legal - Som Riu\",\"isPartOf\":{\"@id\":\"https:\/\/som-riu.es\/es\/#website\"},\"datePublished\":\"2025-08-04T12:08:18+00:00\",\"dateModified\":\"2025-11-01T08:58:56+00:00\",\"breadcrumb\":{\"@id\":\"https:\/\/som-riu.es\/es\/aviso-legal\/#breadcrumb\"},\"inLanguage\":\"es\",\"potentialAction\":[{\"@type\":\"ReadAction\",\"target\":[\"https:\/\/som-riu.es\/es\/aviso-legal\/\"]}]},{\"@type\":\"BreadcrumbList\",\"@id\":\"https:\/\/som-riu.es\/es\/aviso-legal\/#breadcrumb\",\"itemListElement\":[{\"@type\":\"ListItem\",\"position\":1,\"name\":\"Portada\",\"item\":\"https:\/\/som-riu.es\/es\/\"},{\"@type\":\"ListItem\",\"position\":2,\"name\":\"Aviso legal\"}]},{\"@type\":\"WebSite\",\"@id\":\"https:\/\/som-riu.es\/es\/#website\",\"url\":\"https:\/\/som-riu.es\/es\/\",\"name\":\"Som Riu\",\"description\":\"Cuidar la teva salut mental tamb\u00e9 \u00e9s cuidar als dem\u00e9s\",\"potentialAction\":[{\"@type\":\"SearchAction\",\"target\":{\"@type\":\"EntryPoint\",\"urlTemplate\":\"https:\/\/som-riu.es\/es\/?s={search_term_string}\"},\"query-input\":{\"@type\":\"PropertyValueSpecification\",\"valueRequired\":true,\"valueName\":\"search_term_string\"}}],\"inLanguage\":\"es\"}]}<\/script>\n<!-- \/ Yoast SEO plugin. -->","yoast_head_json":{"title":"Aviso legal - Som Riu","robots":{"index":"index","follow":"follow","max-snippet":"max-snippet:-1","max-image-preview":"max-image-preview:large","max-video-preview":"max-video-preview:-1"},"canonical":"https:\/\/som-riu.es\/es\/aviso-legal\/","og_locale":"es_ES","og_type":"article","og_title":"Aviso legal - Som Riu","og_description":"1. Identificaci\u00f3n y contacto del propietario de la web. www.idisba.es (en adelante la web), es propiedad de la Fundaci\u00f3n Instituto de Investigaci\u00f3n Sanitaria Illes Balears (IdISBa) (en adelante el Titular) con domicilio en Crta. Valldemossa, 79 (Hospital Universitario Son Espases), Edificio S, 1\u00aa planta. 07010 Palma, con CIF G57326324, tel\u00e9fono (+34) 871 20 52 34Aviso legal","og_url":"https:\/\/som-riu.es\/es\/aviso-legal\/","og_site_name":"Som Riu","article_modified_time":"2025-11-01T08:58:56+00:00","twitter_card":"summary_large_image","twitter_misc":{"Tiempo de lectura":"5 minutos"},"schema":{"@context":"https:\/\/schema.org","@graph":[{"@type":"WebPage","@id":"https:\/\/som-riu.es\/es\/aviso-legal\/","url":"https:\/\/som-riu.es\/es\/aviso-legal\/","name":"Aviso legal - Som Riu","isPartOf":{"@id":"https:\/\/som-riu.es\/es\/#website"},"datePublished":"2025-08-04T12:08:18+00:00","dateModified":"2025-11-01T08:58:56+00:00","breadcrumb":{"@id":"https:\/\/som-riu.es\/es\/aviso-legal\/#breadcrumb"},"inLanguage":"es","potentialAction":[{"@type":"ReadAction","target":["https:\/\/som-riu.es\/es\/aviso-legal\/"]}]},{"@type":"BreadcrumbList","@id":"https:\/\/som-riu.es\/es\/aviso-legal\/#breadcrumb","itemListElement":[{"@type":"ListItem","position":1,"name":"Portada","item":"https:\/\/som-riu.es\/es\/"},{"@type":"ListItem","position":2,"name":"Aviso legal"}]},{"@type":"WebSite","@id":"https:\/\/som-riu.es\/es\/#website","url":"https:\/\/som-riu.es\/es\/","name":"Som Riu","description":"Cuidar la teva salut mental tamb\u00e9 \u00e9s cuidar als dem\u00e9s","potentialAction":[{"@type":"SearchAction","target":{"@type":"EntryPoint","urlTemplate":"https:\/\/som-riu.es\/es\/?s={search_term_string}"},"query-input":{"@type":"PropertyValueSpecification","valueRequired":true,"valueName":"search_term_string"}}],"inLanguage":"es"}]}},"_links":{"self":[{"href":"https:\/\/som-riu.es\/es\/wp-json\/wp\/v2\/pages\/161894","targetHints":{"allow":["GET"]}}],"collection":[{"href":"https:\/\/som-riu.es\/es\/wp-json\/wp\/v2\/pages"}],"about":[{"href":"https:\/\/som-riu.es\/es\/wp-json\/wp\/v2\/types\/page"}],"author":[{"embeddable":true,"href":"https:\/\/som-riu.es\/es\/wp-json\/wp\/v2\/users\/1"}],"replies":[{"embeddable":true,"href":"https:\/\/som-riu.es\/es\/wp-json\/wp\/v2\/comments?post=161894"}],"version-history":[{"count":1,"href":"https:\/\/som-riu.es\/es\/wp-json\/wp\/v2\/pages\/161894\/revisions"}],"predecessor-version":[{"id":161895,"href":"https:\/\/som-riu.es\/es\/wp-json\/wp\/v2\/pages\/161894\/revisions\/161895"}],"wp:attachment":[{"href":"https:\/\/som-riu.es\/es\/wp-json\/wp\/v2\/media?parent=161894"}],"curies":[{"name":"wp","href":"https:\/\/api.w.org\/{rel}","templated":true}]}}