{"id":161898,"date":"2025-07-10T09:32:39","date_gmt":"2025-07-10T07:32:39","guid":{"rendered":"https:\/\/som-riu.es\/politica-de-privacidad\/"},"modified":"2025-11-01T10:01:07","modified_gmt":"2025-11-01T09:01:07","slug":"politica-de-privacidad","status":"publish","type":"page","link":"https:\/\/som-riu.es\/es\/politica-de-privacidad\/","title":{"rendered":"Pol\u00edtica de privacidad"},"content":{"rendered":"\t\t<div data-elementor-type=\"wp-page\" data-elementor-id=\"161898\" class=\"elementor elementor-161898 elementor-3\" data-elementor-post-type=\"page\">\n\t\t\t\t<div class=\"elementor-element elementor-element-37f0c9d7 e-flex e-con-boxed e-con e-parent\" data-id=\"37f0c9d7\" data-element_type=\"container\">\n\t\t\t\t\t<div class=\"e-con-inner\">\n\t\t\t\t<div class=\"elementor-element elementor-element-116f3541 elementor-widget elementor-widget-text-editor\" data-id=\"116f3541\" data-element_type=\"widget\" data-widget_type=\"text-editor.default\">\n\t\t\t\t\t\t\t\t\t<p>FUNDACI\u00d3N INSTITUTO DE INVESTIGACI\u00d3N SANITARIA ILLES BALEARS (en adelante IDISBA), se reserva el derecho de modificar o adaptar esta Pol\u00edtica de Privacidad en cualquier momento. Por tanto, le recomendamos que la revise cada vez que acceda a la P\u00e1gina Web. En el supuesto de que el usuario se haya registrado en la p\u00e1gina web y acceda a su cuenta o perfil, al acceder a ella, se le informar\u00e1 en caso de que haya habido modificaciones sustanciales en relaci\u00f3n con el tratamiento de sus datos personales.  <\/p>\n<p><br><strong>  \u00bfQui\u00e9n es el responsable del tratamiento de tus datos?<\/strong><br>Los datos que se recojan o nos facilites voluntariamente mediante la P\u00e1gina Web, ya sea por la navegaci\u00f3n en la misma, as\u00ed como todos aquellos que nos puedas facilitar a los formularios de contacto, v\u00eda correo electr\u00f3nico o por tel\u00e9fono, ser\u00e1n recogidos y tratados por el Responsable del Archivo, los cuales datos se indican a continuaci\u00f3n:<\/p>\n<p>Fundaci\u00f3n Instituto de Investigaci\u00f3n Sanitaria Islas Baleares (IdISBa). CIF: G-57326324<br> Domicilio: Crta. Valldemossa, 79 (Hospital Universitario Son Espases), Edificio S, 1\u00aa planta. 07010 Palma de Mallorca<br> Tel\u00e9fono: 871 20 52 34<br> Delegado de Protecci\u00f3n de Datos: idisba.protecciondatos@ssib.es<br> Datos registrales (N\u00fam. Registro \u00danico de Fundaciones de las Illes Balears): 100000000220   <\/p>\n<p>Si por cualquier motivo quieres ponerte en contacto con nosotros por cualquier cuesti\u00f3n relacionada con el tratamiento de tus datos personales o tu privacidad (con nuestro Delegado de Protecci\u00f3n de Datos), puedes hacerlo a trav\u00e9s de cualquiera de los medios indicados anteriormente.<\/p>\n<p>\u00bfQu\u00e9 fechas recopilamos a trav\u00e9s de la p\u00e1gina web?<\/p>\n<p>IDISBA no guarda datos por el simple hecho de navegar por la p\u00e1gina web, sin embargo, en la p\u00e1gina web se facilita la utilidad de Google Maps, la cual puede tener acceso a tu ubicaci\u00f3n, en caso de que se lo permita, con el fin de facilitarte una mayor especificidad sobre la distancia y\/o caminos hacia nuestras sedes. A este respecto, nos remitimos a la Pol\u00edtica de Privacidad utilizada por Google Maps, para conocer el uso y tratamiento de estos datos http:\/\/www.google.com\/intl\/en\/policies\/privacy\/. <\/p>\n<p><br><strong>Registro del usuario en la p\u00e1gina web<\/strong><br> La p\u00e1gina web no guarda datos de usuario.<\/p>\n<h4><br>CONTACTOS DE LA WEB O DEL CORREO ELECTR\u00d3NICO<\/h4>\n<p><br><strong>\u00bfQu\u00e9 finalidades trataremos tus datos personales?<\/strong><\/p>\n<ul>\n<li>Contestar a tus consultas, solicitudes o peticiones.<\/li>\n<li>Gestionar el servicio solicitado, contestar a tu solicitud o tramitar tu petici\u00f3n.<\/li>\n<li>Informaci\u00f3n por medios electr\u00f3nicos, que versen sobre tu solicitud.<\/li>\n<li>Informaci\u00f3n comercial o eventos por medios electr\u00f3nicos, siempre que exista autorizaci\u00f3n expresa.<\/li>\n<\/ul>\n<p><br><strong>\u00bfCu\u00e1l es la legitimaci\u00f3n para el tratamiento de tus datos?  <\/strong><br>La aceptaci\u00f3n y el consentimiento del interesado: En aquellos casos donde para realizar una solicitud sea necesario rellenar un formulario y hacer un \u201cclick\u201d en el bot\u00f3n de enviar, la realizaci\u00f3n del mismo implicar\u00e1 necesariamente que se ha sido informado y se ha otorgado expresamente el consentimiento al contenido de la cl\u00e1usula anexada a este formulario o aceptaci\u00f3n.<\/p>\n<p>Todos nuestros formularios cuentan con una casilla de verificaci\u00f3n o checkbox con la siguiente f\u00f3rmula, para poder enviar la informaci\u00f3n: &#8220;\u25a1 He le\u00eddo y acepto la Pol\u00edtica de privacidad.&#8221;<\/p>\n<p><br><strong>\u00bfIncluimos datos personales de terceras personas?<\/strong><br>No, como norma general s\u00f3lo tratamos los datos que nos facilitan los titulares. Si nos aportas datos de terceros, deber\u00e1s, previamente, informarles y solicitar su consentimiento, o en caso contrario, los exentos de cualquier responsabilidad por el incumplimiento de este requisito. <\/p>\n<p><br><strong>\u00bfY datos de menores?<\/strong><br>No tratamos datos de menores de 14 a\u00f1os, por tanto, te instamos a que te abstengas de facilitarlos si no tienes esta edad.<\/p>\n<p><br><strong>\u00bfHaremos comunicaciones por medios electr\u00f3nicos?<\/strong><br>S\u00f3lo se realizar\u00e1n para gestionar tu solicitud si es uno de los medios de contacto que nos has facilitado. Si realizamos comunicaciones comerciales, \u00e9stas habr\u00e1n sido previa y expresamente autorizadas por ti. <\/p>\n<p><br><strong>\u00bfQu\u00e9 medidas de seguridad aplicamos?<\/strong><br>Puedes estar tranquilo: Hemos adoptado un nivel \u00f3ptimo de protecci\u00f3n de los datos personales que gestionamos, instalando todos los medios y medidas t\u00e9cnicas a nuestra disposici\u00f3n, seg\u00fan el estado de la tecnolog\u00eda, para evitar la p\u00e9rdida, mal uso, alteraci\u00f3n, acceso no autorizado y robo de los datos personales.<\/p>\n<p><br><strong>\u00bfEn qu\u00e9 medida se automatizar\u00e1 la toma de decisiones?  <\/strong><br>IDISBA no utiliza procesos de toma de decisiones totalmente automatizados para establecer, desarrollar o finalizar una relaci\u00f3n contractual con el usuario. En caso de que utilicemos estos procesos en un caso particular, te informaremos y te comunicaremos tus derechos al respecto si as\u00ed lo prescribe la ley. <\/p>\n<p><br><strong>\u00bfTendr\u00e1 lugar la elaboraci\u00f3n de perfiles?<\/strong><br>Con el objetivo de ofrecerte productos y\/o servicios de acuerdo a tus intereses y mejorar tu experiencia de usuario, podremos elaborar un \u201cperfil comercial\u201d en funci\u00f3n de la informaci\u00f3n facilitada. Sin embargo, no se tomar\u00e1n decisiones automatizadas en base a este perfil. <\/p>\n<p><br><strong>\u00bfA qu\u00e9 destinatarios se comunicar\u00e1n tus datos?<\/strong><br>En las entidades participantes y necesarias para conseguir las finalidades de IDISBA. Tus datos no se ceder\u00e1n a otras entidades, salvo por obligaci\u00f3n legal. Concretamente, se comunicar\u00e1n a la Agencia Estatal de la Administraci\u00f3n Tributaria ya bancos y entidades financieras para el cobro del servicio prestado o producto adquirido, as\u00ed como a los encargados del tratamiento necesarios para la ejecuci\u00f3n del acuerdo. En el supuesto de que nos hayas dado tu consentimiento para el tratamiento de tu nombre e im\u00e1genes y otras informaciones relacionadas con la actividad de IDISBA, se divulgaron en las diferentes redes sociales y p\u00e1gina web de IDISBA.   <\/p>\n<p><br><strong>Transferencias internacionales.<\/strong><br> En caso de que sea necesaria la realizaci\u00f3n de transferencias internacionales de datos por parte de IDISBA, se asegurar\u00e1 que estas transferencias son posibles de acuerdo con el Reglamento General de Protecci\u00f3n de Datos o cualquier otro requisito establecido por la normativa aplicable. A estos efectos, la compa\u00f1\u00eda adoptar\u00e1 los acuerdos necesarios para garantizar un nivel de protecci\u00f3n de datos equivalente al previsto en la normativa europea. En caso de trabajar en un sistema de carpetas compartidas en aplicaciones tipo Dropbox, Google Drive, Microsoft OneDrive, Amazon, Apple, HubSpot, etc., se realizar\u00e1 una transferencia internacional a Estados Unidos bajo la habilitaci\u00f3n del art\u00edculo 49.c) del Reglamento General de Protecci\u00f3n de Datos o cualquier otro mecanismo que garantice un nivel de protecci\u00f3n de datos equivalente al previsto en la normativa europea.  <\/p>\n<p><br><strong>\u00bfQu\u00e9 derechos tienes?<\/strong><\/p>\n<ul>\n<li>A saber si estamos tratando tus datos o no.<\/li>\n<li>A acceder a tus datos personales.<\/li>\n<li>A solicitar la rectificaci\u00f3n de tus datos si son inexactos.<\/li>\n<li>A solicitar la supresi\u00f3n de tus datos si ya no son necesarios para los fines para los que fueron recogidos o si nos retiras el consentimiento otorgado.<\/li>\n<li>A solicitar la limitaci\u00f3n del tratamiento de tus datos, en algunos supuestos, en los que s\u00f3lo los conservaremos de acuerdo con la normativa vigente.<\/li>\n<li>A llevar tus datos, que deben ser facilitados en un formato estructurado, de uso com\u00fan o de lectura mec\u00e1nica. Si lo prefieres, podemos enviarlas al nuevo responsable que nos designes. S\u00f3lo ser\u00e1 v\u00e1lido en determinados supuestos.  <\/li>\n<li>A presentar una reclamaci\u00f3n ante la Agencia Espa\u00f1ola de Protecci\u00f3n de Datos, si crees que no te hemos atendido correctamente.<\/li>\n<li>A revocar tu consentimiento para cualquier tratamiento para el que hayas dado tu consentimiento, en cualquier momento.<\/li>\n<\/ul>\n<p>Si modificas alg\u00fan dato, te agradecemos que nos lo comuniques para mantenerlos actualizados.<\/p>\n<p><br><strong>\u00bfQuieres un formulario para el ejercicio de Derechos?  <\/strong><br>Tenemos formularios para el ejercicio de tus derechos, p\u00eddenos por email o si lo prefieres, puedes usar los elaborados por la Agencia Espa\u00f1ola de Protecci\u00f3n de Datos o terceros. Estos formularios deben ir firmados electr\u00f3nicamente o estar acompa\u00f1ados de fotocopia del DNI. Si te representa alguien, debes adjuntarnos copia de su DNI, o que lo firme con su firma electr\u00f3nica. Los formularios pueden ser presentados presencialmente, enviados por carta o por mail a la direcci\u00f3n del Responsable al inicio de este texto. Tienes derecho a presentar una reclamaci\u00f3n ante la Agencia Espa\u00f1ola de Protecci\u00f3n de Datos, en caso de que consideres que no se ha atendido convenientemente la solicitud de tus derechos. El plazo m\u00e1ximo para resolver por IDISBA, es de un mes, a contar desde la efectiva recepci\u00f3n de tu solicitud por nuestra parte. Tienes derecho a revocar en cualquier momento el consentimiento para cualquiera de los tratamientos para los que lo has otorgado.      <\/p>\n<p><br><strong>\u00bfEsta p\u00e1gina web tiene cookies?<\/strong><br> S\u00ed, <a href=\"https:\/\/som-riu.es\/es\/politica-de-cookies\/\">Comprueba nuestro aviso de cookies<\/a> .<\/p>\n<p><br><strong>\u00bfDurante cu\u00e1nto tiempo mantendremos tus datos personales?<\/strong><br>Los datos personales ser\u00e1n mantenidos mientras sigas vinculado con nosotros. Una vez te desvincules, los datos personales tratados en cada finalidad se mantendr\u00e1n durante los plazos legalmente previstos, incluido el plazo en el que un juez o tribunal pueda requerirlos atendiendo al plazo de prescripci\u00f3n de acciones judiciales. Los datos tratados se mantendr\u00e1n hasta que no expiren los plazos legales aludidos anteriormente, si hubiera obligaci\u00f3n legal de mantenimiento, o de no existir ese plazo legal, hasta que el interesado solicite su supresi\u00f3n o enfoscado el consentimiento otorgado. Mantendremos toda la informaci\u00f3n y comunicaciones relativas a tu compra o prestaci\u00f3n de nuestro servicio, mientras duren las garant\u00edas de los productos o servicios, para atender posibles reclamaciones.   <\/p>\n\t\t\t\t\t\t\t\t<\/div>\n\t\t\t\t\t<\/div>\n\t\t\t\t<\/div>\n\t\t\t\t<\/div>\n\t\t","protected":false},"excerpt":{"rendered":"<p>FUNDACI\u00d3N INSTITUTO DE INVESTIGACI\u00d3N SANITARIA ILLES BALEARS (en adelante IDISBA), se reserva el derecho de modificar o adaptar esta Pol\u00edtica de Privacidad en cualquier momento. Por tanto, le recomendamos que la revise cada vez que acceda a la P\u00e1gina Web. En el supuesto de que el usuario se haya registrado en la p\u00e1gina web y<a href=\"https:\/\/som-riu.es\/es\/politica-de-privacidad\/\" class=\"more-link\"><span class=\"screen-reader-text\">Pol\u00edtica de privacidad<\/span><\/a><\/p>\n","protected":false},"author":1,"featured_media":0,"parent":0,"menu_order":0,"comment_status":"closed","ping_status":"open","template":"","meta":{"footnotes":""},"class_list":["post-161898","page","type-page","status-publish","hentry"],"yoast_head":"<!-- This site is optimized with the Yoast SEO plugin v25.5 - https:\/\/yoast.com\/wordpress\/plugins\/seo\/ -->\n<title>Pol\u00edtica de privacidad - Som Riu<\/title>\n<meta name=\"robots\" content=\"index, follow, max-snippet:-1, max-image-preview:large, max-video-preview:-1\" \/>\n<link rel=\"canonical\" href=\"https:\/\/som-riu.es\/es\/politica-de-privacidad\/\" \/>\n<meta property=\"og:locale\" content=\"es_ES\" \/>\n<meta property=\"og:type\" content=\"article\" \/>\n<meta property=\"og:title\" content=\"Pol\u00edtica de privacidad - Som Riu\" \/>\n<meta property=\"og:description\" content=\"FUNDACI\u00d3N INSTITUTO DE INVESTIGACI\u00d3N SANITARIA ILLES BALEARS (en adelante IDISBA), se reserva el derecho de modificar o adaptar esta Pol\u00edtica de Privacidad en cualquier momento. Por tanto, le recomendamos que la revise cada vez que acceda a la P\u00e1gina Web. En el supuesto de que el usuario se haya registrado en la p\u00e1gina web yPol\u00edtica de privacidad\" \/>\n<meta property=\"og:url\" content=\"https:\/\/som-riu.es\/es\/politica-de-privacidad\/\" \/>\n<meta property=\"og:site_name\" content=\"Som Riu\" \/>\n<meta property=\"article:modified_time\" content=\"2025-11-01T09:01:07+00:00\" \/>\n<meta name=\"twitter:card\" content=\"summary_large_image\" \/>\n<meta name=\"twitter:label1\" content=\"Tiempo de lectura\" \/>\n\t<meta name=\"twitter:data1\" content=\"8 minutos\" \/>\n<script type=\"application\/ld+json\" class=\"yoast-schema-graph\">{\"@context\":\"https:\/\/schema.org\",\"@graph\":[{\"@type\":\"WebPage\",\"@id\":\"https:\/\/som-riu.es\/es\/politica-de-privacidad\/\",\"url\":\"https:\/\/som-riu.es\/es\/politica-de-privacidad\/\",\"name\":\"Pol\u00edtica de privacidad - Som Riu\",\"isPartOf\":{\"@id\":\"https:\/\/som-riu.es\/es\/#website\"},\"datePublished\":\"2025-07-10T07:32:39+00:00\",\"dateModified\":\"2025-11-01T09:01:07+00:00\",\"breadcrumb\":{\"@id\":\"https:\/\/som-riu.es\/es\/politica-de-privacidad\/#breadcrumb\"},\"inLanguage\":\"es\",\"potentialAction\":[{\"@type\":\"ReadAction\",\"target\":[\"https:\/\/som-riu.es\/es\/politica-de-privacidad\/\"]}]},{\"@type\":\"BreadcrumbList\",\"@id\":\"https:\/\/som-riu.es\/es\/politica-de-privacidad\/#breadcrumb\",\"itemListElement\":[{\"@type\":\"ListItem\",\"position\":1,\"name\":\"Portada\",\"item\":\"https:\/\/som-riu.es\/es\/\"},{\"@type\":\"ListItem\",\"position\":2,\"name\":\"Pol\u00edtica de privacidad\"}]},{\"@type\":\"WebSite\",\"@id\":\"https:\/\/som-riu.es\/es\/#website\",\"url\":\"https:\/\/som-riu.es\/es\/\",\"name\":\"Som Riu\",\"description\":\"Cuidar la teva salut mental tamb\u00e9 \u00e9s cuidar als dem\u00e9s\",\"potentialAction\":[{\"@type\":\"SearchAction\",\"target\":{\"@type\":\"EntryPoint\",\"urlTemplate\":\"https:\/\/som-riu.es\/es\/?s={search_term_string}\"},\"query-input\":{\"@type\":\"PropertyValueSpecification\",\"valueRequired\":true,\"valueName\":\"search_term_string\"}}],\"inLanguage\":\"es\"}]}<\/script>\n<!-- \/ Yoast SEO plugin. -->","yoast_head_json":{"title":"Pol\u00edtica de privacidad - Som Riu","robots":{"index":"index","follow":"follow","max-snippet":"max-snippet:-1","max-image-preview":"max-image-preview:large","max-video-preview":"max-video-preview:-1"},"canonical":"https:\/\/som-riu.es\/es\/politica-de-privacidad\/","og_locale":"es_ES","og_type":"article","og_title":"Pol\u00edtica de privacidad - Som Riu","og_description":"FUNDACI\u00d3N INSTITUTO DE INVESTIGACI\u00d3N SANITARIA ILLES BALEARS (en adelante IDISBA), se reserva el derecho de modificar o adaptar esta Pol\u00edtica de Privacidad en cualquier momento. Por tanto, le recomendamos que la revise cada vez que acceda a la P\u00e1gina Web. En el supuesto de que el usuario se haya registrado en la p\u00e1gina web yPol\u00edtica de privacidad","og_url":"https:\/\/som-riu.es\/es\/politica-de-privacidad\/","og_site_name":"Som Riu","article_modified_time":"2025-11-01T09:01:07+00:00","twitter_card":"summary_large_image","twitter_misc":{"Tiempo de lectura":"8 minutos"},"schema":{"@context":"https:\/\/schema.org","@graph":[{"@type":"WebPage","@id":"https:\/\/som-riu.es\/es\/politica-de-privacidad\/","url":"https:\/\/som-riu.es\/es\/politica-de-privacidad\/","name":"Pol\u00edtica de privacidad - Som Riu","isPartOf":{"@id":"https:\/\/som-riu.es\/es\/#website"},"datePublished":"2025-07-10T07:32:39+00:00","dateModified":"2025-11-01T09:01:07+00:00","breadcrumb":{"@id":"https:\/\/som-riu.es\/es\/politica-de-privacidad\/#breadcrumb"},"inLanguage":"es","potentialAction":[{"@type":"ReadAction","target":["https:\/\/som-riu.es\/es\/politica-de-privacidad\/"]}]},{"@type":"BreadcrumbList","@id":"https:\/\/som-riu.es\/es\/politica-de-privacidad\/#breadcrumb","itemListElement":[{"@type":"ListItem","position":1,"name":"Portada","item":"https:\/\/som-riu.es\/es\/"},{"@type":"ListItem","position":2,"name":"Pol\u00edtica de privacidad"}]},{"@type":"WebSite","@id":"https:\/\/som-riu.es\/es\/#website","url":"https:\/\/som-riu.es\/es\/","name":"Som Riu","description":"Cuidar la teva salut mental tamb\u00e9 \u00e9s cuidar als dem\u00e9s","potentialAction":[{"@type":"SearchAction","target":{"@type":"EntryPoint","urlTemplate":"https:\/\/som-riu.es\/es\/?s={search_term_string}"},"query-input":{"@type":"PropertyValueSpecification","valueRequired":true,"valueName":"search_term_string"}}],"inLanguage":"es"}]}},"_links":{"self":[{"href":"https:\/\/som-riu.es\/es\/wp-json\/wp\/v2\/pages\/161898","targetHints":{"allow":["GET"]}}],"collection":[{"href":"https:\/\/som-riu.es\/es\/wp-json\/wp\/v2\/pages"}],"about":[{"href":"https:\/\/som-riu.es\/es\/wp-json\/wp\/v2\/types\/page"}],"author":[{"embeddable":true,"href":"https:\/\/som-riu.es\/es\/wp-json\/wp\/v2\/users\/1"}],"replies":[{"embeddable":true,"href":"https:\/\/som-riu.es\/es\/wp-json\/wp\/v2\/comments?post=161898"}],"version-history":[{"count":1,"href":"https:\/\/som-riu.es\/es\/wp-json\/wp\/v2\/pages\/161898\/revisions"}],"predecessor-version":[{"id":161899,"href":"https:\/\/som-riu.es\/es\/wp-json\/wp\/v2\/pages\/161898\/revisions\/161899"}],"wp:attachment":[{"href":"https:\/\/som-riu.es\/es\/wp-json\/wp\/v2\/media?parent=161898"}],"curies":[{"name":"wp","href":"https:\/\/api.w.org\/{rel}","templated":true}]}}